{"id":1053,"date":"2018-11-02T12:12:02","date_gmt":"2018-11-02T12:12:02","guid":{"rendered":"http:\/\/innovio.mikado-themes.com\/?page_id=1053"},"modified":"2023-07-14T00:50:57","modified_gmt":"2023-07-13T21:50:57","slug":"about-us","status":"publish","type":"page","link":"https:\/\/convoplus.com\/fr\/qui-nous-sommes\/","title":{"rendered":"Qui sommes nous?"},"content":{"rendered":"<div class=\"mkdf-row-grid-section-wrapper\"  ><div class=\"mkdf-row-grid-section\"><div class=\"vc_row wpb_row vc_row-fluid wpb_animate_when_almost_visible wpb_fadeInDown fadeInDown vc_custom_1657068454112 mkdf-grid-lines-light\" ><div class=\"wpb_column vc_column_container vc_col-sm-12\"><div class=\"vc_column-inner\"><div class=\"wpb_wrapper\"><div class=\"mkdf-elements-holder   mkdf-one-column  mkdf-responsive-mode-768\" ><div class=\"mkdf-eh-item\"  data-item-class=\"mkdf-eh-custom-5594\" data-1367-1600=\"0 235px 0 235px\" data-1025-1366=\"0 230px 0 230px\">\n\t<div class=\"mkdf-eh-item-inner\">\n\t\t<div class=\"mkdf-eh-item-content mkdf-eh-custom-5594\" style=\"padding: 0 0 0 0\">\n\t\t\t<div class=\"mkdf-single-image-holder\">\n    <div class=\"mkdf-si-inner\" >\n                                    <img loading=\"lazy\" decoding=\"async\" width=\"1250\" height=\"707\" src=\"https:\/\/convoplus.com\/wp-content\/uploads\/2021\/03\/Business_convo_1.png\" class=\"attachment-full size-full\" alt=\"Business Convo Team\" srcset=\"https:\/\/convoplus.com\/wp-content\/uploads\/2021\/03\/Business_convo_1.png 1250w, https:\/\/convoplus.com\/wp-content\/uploads\/2021\/03\/Business_convo_1-300x170.png 300w, https:\/\/convoplus.com\/wp-content\/uploads\/2021\/03\/Business_convo_1-1024x579.png 1024w, https:\/\/convoplus.com\/wp-content\/uploads\/2021\/03\/Business_convo_1-768x434.png 768w\" sizes=\"auto, (max-width: 1250px) 100vw, 1250px\" \/>                        <\/div>\n<\/div>\t\t<\/div>\n\t<\/div>\n<\/div><\/div><\/div><\/div><\/div><\/div><\/div><\/div><div class=\"vc_row wpb_row vc_row-fluid vc_custom_1543410145256 mkdf-grid-lines-light mkdf-content-aligment-center mkdf-has-skewed-section-effect\" style=\"background-color:#f2f7ff\"><div class=\"mkdf-skewed-section-effect mkdf-top-skewed-section-effect mkdf-top-reverse-skewed-section-effect\" style=\"color: #f2f7ff\">\n    <svg version=\"1.1\" xmlns=\"http:\/\/www.w3.org\/2000\/svg\" xmlns:xlink=\"http:\/\/www.w3.org\/1999\/xlink\" x=\"0px\" y=\"0px\" \n\t viewbox=\"0 0 1680 72\" enable-background=\"0 0 1680 72\" xml:space=\"preserve\"><g><polygon points=\"0,73 0,0 1680,0 \t\"\/><\/g><\/svg><\/div><div class=\"wpb_column vc_column_container vc_col-sm-12\"><div class=\"vc_column-inner\"><div class=\"wpb_wrapper\"><div class=\"mkdf-row-grid-section-wrapper\" ><div class=\"mkdf-row-grid-section\"><div class=\"vc_row wpb_row vc_inner vc_row-fluid vc_custom_1545297552367 mkdf-grid-lines-light\" ><div class=\"wpb_column vc_column_container vc_col-sm-10 vc_col-lg-offset-3 vc_col-lg-6 vc_col-md-offset-2 vc_col-md-8 vc_col-sm-offset-1 vc_col-xs-12\"><div class=\"vc_column-inner\"><div class=\"wpb_wrapper\"><div class=\"mkdf-section-title-holder  mkdf-st-standard\" style=\"text-align: center\">\n\t<div class=\"mkdf-st-inner\">\n        \t\t\t\t\t<h2 class=\"mkdf-st-title translation-block\" ><span class=\"mkdf-st-title-hightlight\" data-text=\"Tout Ce \"><span>Tout Ce <\/span><\/span> Dont Vous Avez Besoin<\/h2>\n\t\t        \t\t\t\t\t<p class=\"mkdf-st-text\" style=\"margin-top: 15px\">\n\t\t\t\tConvoPLUS est une plate-forme de relations avec la client\u00e8le de nouvelle g\u00e9n\u00e9ration qui a tout le n\u00e9cessaire pour construire, d\u00e9velopper et maintenir des relations avec les clients sur les m\u00e9dias sociaux.\t\t\t<\/p>\n\t\t\t<\/div>\n<\/div><\/div><\/div><\/div><\/div><\/div><\/div><\/div><\/div><\/div><\/div><div class=\"mkdf-row-grid-section-wrapper\"  ><div class=\"mkdf-row-grid-section\"><div class=\"vc_row wpb_row vc_row-fluid vc_custom_1542209164168 vc_row-o-content-middle vc_row-flex mkdf-grid-lines-light\" ><div class=\"wpb_column vc_column_container vc_col-sm-12 vc_col-lg-5 vc_col-md-12\"><div class=\"vc_column-inner\"><div class=\"wpb_wrapper\"><div class=\"mkdf-elements-holder   mkdf-one-column  mkdf-responsive-mode-768\" ><div class=\"mkdf-eh-item\"  data-item-class=\"mkdf-eh-custom-6081\" data-1367-1600=\"0 30px 0 70px\" data-1025-1366=\"0 5% 0 0\" data-769-1024=\"0 320px 13.3% 0\" data-681-768=\"0 150px 13.3% 0\" data-680=\"0 0 26.5% 0\">\n\t<div class=\"mkdf-eh-item-inner\">\n\t\t<div class=\"mkdf-eh-item-content mkdf-eh-custom-6081\" style=\"padding: 0 15% 10px 7px\">\n\t\t\t<div class=\"mkdf-section-title-holder  mkdf-st-standard  mkdf-st-left-aligned\" style=\"text-align: left\">\n\t<div class=\"mkdf-st-inner\">\n        \t\t\t\t\t<h3 class=\"mkdf-st-title translation-block\" >De GRC-Sociale <span class=\"mkdf-st-title-hightlight\" data-text=\"Plus\"><span>Plus<\/span><\/span><\/h3>\n\t\t        \t\t\t\t\t<p class=\"mkdf-st-text\" style=\"font-size: 15px;line-height: 22px\">\n\t\t\t\tConvo Technology est une soci\u00e9t\u00e9 de d\u00e9veloppement de premier plan qui produit des solutions logicielles GRC Sociale(Social CRM) personnalis\u00e9es pour am\u00e9liorer la communication avec les clients des organisations. Depuis 2013, elle aide les entreprises \u00e0 accro\u00eetre l\u2019efficacit\u00e9 commerciale dans le monde num\u00e9rique gr\u00e2ce \u00e0 ses solutions de m\u00e9dias sociaux, \u00e0 ses analyses commerciales, \u00e0 ses rapports avanc\u00e9s et au cycle complet de gestion de la relation client ax\u00e9e sur les solutions. Pour cette raison, notre \u00e9quipe de d\u00e9veloppeurs GRC Sociale(Social CRM) et d\u2019experts en communication se sp\u00e9cialise dans une vari\u00e9t\u00e9 de m\u00e9thodologies d\u2019application et d\u2019int\u00e9gration qui r\u00e9pondent aux probl\u00e8mes commerciaux et de processus critiques pour l\u2019exp\u00e9rience client.\t\t\t<\/p>\n\t\t\t<\/div>\n<\/div><div class=\"vc_empty_space\"   style=\"height: 44px\"><span class=\"vc_empty_space_inner\"><\/span><\/div>\t\t<\/div>\n\t<\/div>\n<\/div><\/div><\/div><\/div><\/div><div class=\"wpb_column vc_column_container vc_col-sm-12 vc_col-lg-7 vc_col-md-12\"><div class=\"vc_column-inner\"><div class=\"wpb_wrapper\"><div class=\"mkdf-single-image-holder\">\n    <div class=\"mkdf-si-inner\" >\n                                    <img loading=\"lazy\" decoding=\"async\" width=\"727\" height=\"436\" src=\"https:\/\/convoplus.com\/wp-content\/uploads\/2021\/03\/Business-convo-2.png\" class=\"attachment-full size-full\" alt=\"Business Convo\" srcset=\"https:\/\/convoplus.com\/wp-content\/uploads\/2021\/03\/Business-convo-2.png 727w, https:\/\/convoplus.com\/wp-content\/uploads\/2021\/03\/Business-convo-2-300x180.png 300w\" sizes=\"auto, (max-width: 727px) 100vw, 727px\" \/>                        <\/div>\n<\/div><\/div><\/div><\/div><\/div><\/div><\/div><div class=\"mkdf-row-grid-section-wrapper\"  ><div class=\"mkdf-row-grid-section\"><div class=\"vc_row wpb_row vc_row-fluid vc_custom_1545297721173 mkdf-grid-lines-light\" ><div class=\"wpb_column vc_column_container vc_col-sm-12 vc_col-lg-offset-2 vc_col-lg-8\"><div class=\"vc_column-inner\"><div class=\"wpb_wrapper\"><div class=\"mkdf-section-title-holder  mkdf-st-standard\" style=\"text-align: center\">\n\t<div class=\"mkdf-st-inner\">\n        \t\t\t\t\t<h2 class=\"mkdf-st-title translation-block\" >Professionnel <span class=\"mkdf-st-title-hightlight\" data-text=\"Consid\u00e9rer\"><span>Consid\u00e9rer<\/span><\/span><\/h2>\n\t\t                    <div class=\"mkdf-st-separator\" ><\/div>\n        \t\t\t\t\t<p class=\"mkdf-st-text\" style=\"margin-top: 15px\">\n\t\t\t\t- Communiquer de mani\u00e8re transparente<br \/>\n- \u00c9couter les clients<br \/>\n- Augmenter l\u2019intimit\u00e9 et la loyaut\u00e9<br \/>\n- Offrir aux clients ce qu\u2019ils veulent vraiment<br \/>\n- Fournir un support client orient\u00e9 solution<br \/>\n- R\u00e9pondre rapidement aux demandes<br \/>\n- Suivre les besoins des clients<br \/>\n- Enregistrez et signalez toutes vos communications\t\t\t<\/p>\n\t\t\t<\/div>\n<\/div><div class=\"vc_empty_space\"   style=\"height: 35px\"><span class=\"vc_empty_space_inner\"><\/span><\/div>\n\t<div class=\"wpb_video_widget wpb_content_element vc_clearfix   vc_video-aspect-ratio-169 vc_video-el-width-100 vc_video-align-left\" >\n\t\t<div class=\"wpb_wrapper\">\n\t\t\t\n\t\t\t<div class=\"wpb_video_wrapper\"><iframe loading=\"lazy\" title=\"ConvoPLUS\" width=\"1100\" height=\"619\" src=\"https:\/\/www.youtube.com\/embed\/6lHweUWyKVM?feature=oembed\" frameborder=\"0\" allow=\"accelerometer; autoplay; clipboard-write; encrypted-media; gyroscope; picture-in-picture\" allowfullscreen><\/iframe><\/div>\n\t\t<\/div>\n\t<\/div>\n<\/div><\/div><\/div><\/div><\/div><\/div><div class=\"mkdf-row-grid-section-wrapper mkdf-content-aligment-center\"  ><div class=\"mkdf-row-grid-section\"><div class=\"vc_row wpb_row vc_row-fluid vc_custom_1545297741463 mkdf-grid-lines-light\" ><div class=\"wpb_column vc_column_container vc_col-sm-12\"><div class=\"vc_column-inner\"><div class=\"wpb_wrapper\"><div class=\"mkdf-clients-carousel-holder mkdf-cc-hover-roll-over\">\n\t<div class=\"mkdf-cc-inner mkdf-owl-slider\" data-number-of-items=\"6\" data-enable-loop=\"yes\" data-enable-autoplay=\"yes\" data-slider-speed=\"5000\" data-slider-speed-animation=\"600\" data-enable-navigation=\"no\" data-enable-pagination=\"no\">\n\t\t<div class=\"mkdf-cc-item mkdf-item-space mkdf-cci-has-link\">\n\t\t\t<a itemprop=\"url\" class=\"mkdf-cc-link mkdf-block-drag-link\" href=\"#\" target=\"_self\">\n\t\t\t\t\t\t<img decoding=\"async\" itemprop=\"image\" class=\"mkdf-cc-image\" src=\"https:\/\/convoplus.com\/wp-content\/uploads\/2021\/02\/QUICK-LOGO-YATAY-TR-PNG.png\" alt=\"Quick Sigorta Logo Siyah\" \/>\n\t\t\t\t\t\t\t<img decoding=\"async\" itemprop=\"image\" class=\"mkdf-cc-hover-image\" src=\"https:\/\/convoplus.com\/wp-content\/uploads\/2021\/02\/QUICK-LOGO-YATAY-TR-PNG-PINK.png\" alt=\"Quick Sigorta Logo Pembe\" \/>\n\t\t\t\t\t<\/a>\n\t<\/div><div class=\"mkdf-cc-item mkdf-item-space mkdf-cci-has-link\">\n\t\t\t<a itemprop=\"url\" class=\"mkdf-cc-link mkdf-block-drag-link\" href=\"#\" target=\"_self\">\n\t\t\t\t\t\t<img decoding=\"async\" itemprop=\"image\" class=\"mkdf-cc-image\" src=\"https:\/\/convoplus.com\/wp-content\/uploads\/2021\/02\/IBB-LOGO-PNG.png\" alt=\"\u0130BB logo S\" \/>\n\t\t\t\t\t\t\t<img decoding=\"async\" itemprop=\"image\" class=\"mkdf-cc-hover-image\" src=\"https:\/\/convoplus.com\/wp-content\/uploads\/2021\/02\/IBB-LOGO-PNG-PINK.png\" alt=\"\u0130BB logo P\" \/>\n\t\t\t\t\t<\/a>\n\t<\/div><div class=\"mkdf-cc-item mkdf-item-space mkdf-cci-has-link\">\n\t\t\t<a itemprop=\"url\" class=\"mkdf-cc-link mkdf-block-drag-link\" href=\"#\" target=\"_self\">\n\t\t\t\t\t\t<img decoding=\"async\" itemprop=\"image\" class=\"mkdf-cc-image\" src=\"https:\/\/convoplus.com\/wp-content\/uploads\/2021\/02\/TOKI\u0307-LOGO-YATAY-TR-PNG.png\" alt=\"Toki logo Siyah Beyaz\" \/>\n\t\t\t\t\t\t\t<img decoding=\"async\" itemprop=\"image\" class=\"mkdf-cc-hover-image\" src=\"https:\/\/convoplus.com\/wp-content\/uploads\/2021\/02\/TOKI\u0307-LOGO-YATAY-TR-PNG-PINK.png\" alt=\"Toki Logo Pembe\" \/>\n\t\t\t\t\t<\/a>\n\t<\/div><div class=\"mkdf-cc-item mkdf-item-space mkdf-cci-has-link\">\n\t\t\t<a itemprop=\"url\" class=\"mkdf-cc-link mkdf-block-drag-link\" href=\"#\" target=\"_self\">\n\t\t\t\t\t\t<img decoding=\"async\" itemprop=\"image\" class=\"mkdf-cc-image\" src=\"https:\/\/convoplus.com\/wp-content\/uploads\/2021\/02\/FATIH-LOGO-PNG.png\" alt=\"Fatih Belediyesi Logo S\" \/>\n\t\t\t\t\t\t\t<img decoding=\"async\" itemprop=\"image\" class=\"mkdf-cc-hover-image\" src=\"https:\/\/convoplus.com\/wp-content\/uploads\/2021\/02\/FATIH-LOGO-PNG-PINK.png\" alt=\"Fatih Belediyesi Logo P\" \/>\n\t\t\t\t\t<\/a>\n\t<\/div><div class=\"mkdf-cc-item mkdf-item-space mkdf-cci-has-link\">\n\t\t\t<a itemprop=\"url\" class=\"mkdf-cc-link mkdf-block-drag-link\" href=\"#\" target=\"_self\">\n\t\t\t\t\t\t<img decoding=\"async\" itemprop=\"image\" class=\"mkdf-cc-image\" src=\"https:\/\/convoplus.com\/wp-content\/uploads\/2021\/02\/BEYAZMASA-LOGO-PNG.png\" alt=\"Beyazmasa Logo S\" \/>\n\t\t\t\t\t\t\t<img decoding=\"async\" itemprop=\"image\" class=\"mkdf-cc-hover-image\" src=\"https:\/\/convoplus.com\/wp-content\/uploads\/2021\/02\/BEYAZMASA-LOGO-PNG-PINK.png\" alt=\"Beyazmasa Logo P\" \/>\n\t\t\t\t\t<\/a>\n\t<\/div>\t<\/div>\n<\/div><\/div><\/div><\/div><\/div><\/div><\/div>","protected":false},"excerpt":{"rendered":"Everything You Need ConvoPLUS is a platform where companies get everything they need to build, improve and retain customer relationships in social media. More than Social-CRM Convo Technology Inc. is [...]","protected":false},"author":1,"featured_media":0,"parent":0,"menu_order":0,"comment_status":"closed","ping_status":"closed","template":"full-width.php","meta":{"footnotes":""},"class_list":["post-1053","page","type-page","status-publish","hentry"],"yoast_head":"<!-- This site is optimized with the Yoast SEO plugin v27.4 - https:\/\/yoast.com\/product\/yoast-seo-wordpress\/ -->\n<title>About us - ConvoPLUS | Social CRM Platform<\/title>\n<meta name=\"robots\" content=\"index, follow, max-snippet:-1, max-image-preview:large, max-video-preview:-1\" \/>\n<link rel=\"canonical\" href=\"https:\/\/convoplus.com\/fr\/qui-nous-sommes\/\" \/>\n<meta property=\"og:locale\" content=\"fr_FR\" \/>\n<meta property=\"og:type\" content=\"article\" \/>\n<meta property=\"og:title\" content=\"About us - ConvoPLUS | Social CRM Platform\" \/>\n<meta property=\"og:url\" content=\"https:\/\/convoplus.com\/fr\/qui-nous-sommes\/\" \/>\n<meta property=\"og:site_name\" content=\"ConvoPLUS | Social CRM Platform\" \/>\n<meta property=\"article:publisher\" content=\"http:\/\/facebook.com\/plusconvo\" \/>\n<meta property=\"article:modified_time\" content=\"2023-07-13T21:50:57+00:00\" \/>\n<meta property=\"og:image\" content=\"https:\/\/convoplus.com\/wp-content\/uploads\/2021\/04\/Multichannel_helpdesk3.png\" \/>\n\t<meta property=\"og:image:width\" content=\"533\" \/>\n\t<meta property=\"og:image:height\" content=\"400\" \/>\n\t<meta property=\"og:image:type\" content=\"image\/png\" \/>\n<meta name=\"twitter:card\" content=\"summary_large_image\" \/>\n<meta name=\"twitter:site\" content=\"@plusconvo\" \/>\n<meta name=\"twitter:label1\" content=\"Dur\u00e9e de lecture estim\u00e9e\" \/>\n\t<meta name=\"twitter:data1\" content=\"2 minutes\" \/>\n<script type=\"application\/ld+json\" class=\"yoast-schema-graph\">{\"@context\":\"https:\\\/\\\/schema.org\",\"@graph\":[{\"@type\":\"WebPage\",\"@id\":\"https:\\\/\\\/convoplus.com\\\/en\\\/about-us\\\/\",\"url\":\"https:\\\/\\\/convoplus.com\\\/en\\\/about-us\\\/\",\"name\":\"About us - ConvoPLUS | Social CRM Platform\",\"isPartOf\":{\"@id\":\"https:\\\/\\\/convoplus.com\\\/en\\\/#website\"},\"datePublished\":\"2018-11-02T12:12:02+00:00\",\"dateModified\":\"2023-07-13T21:50:57+00:00\",\"breadcrumb\":{\"@id\":\"https:\\\/\\\/convoplus.com\\\/en\\\/about-us\\\/#breadcrumb\"},\"inLanguage\":\"fr-FR\",\"potentialAction\":[{\"@type\":\"ReadAction\",\"target\":[\"https:\\\/\\\/convoplus.com\\\/en\\\/about-us\\\/\"]}]},{\"@type\":\"BreadcrumbList\",\"@id\":\"https:\\\/\\\/convoplus.com\\\/en\\\/about-us\\\/#breadcrumb\",\"itemListElement\":[{\"@type\":\"ListItem\",\"position\":1,\"name\":\"Home\",\"item\":\"https:\\\/\\\/convoplus.com\\\/en\\\/\"},{\"@type\":\"ListItem\",\"position\":2,\"name\":\"About us\"}]},{\"@type\":\"WebSite\",\"@id\":\"https:\\\/\\\/convoplus.com\\\/en\\\/#website\",\"url\":\"https:\\\/\\\/convoplus.com\\\/en\\\/\",\"name\":\"ConvoPLUS | Social Media CRM Tool\",\"description\":\"Social Customer Relationship Management (Social CRM) Platform\",\"publisher\":{\"@id\":\"https:\\\/\\\/convoplus.com\\\/en\\\/#organization\"},\"potentialAction\":[{\"@type\":\"SearchAction\",\"target\":{\"@type\":\"EntryPoint\",\"urlTemplate\":\"https:\\\/\\\/convoplus.com\\\/en\\\/?s={search_term_string}\"},\"query-input\":{\"@type\":\"PropertyValueSpecification\",\"valueRequired\":true,\"valueName\":\"search_term_string\"}}],\"inLanguage\":\"fr-FR\"},{\"@type\":\"Organization\",\"@id\":\"https:\\\/\\\/convoplus.com\\\/en\\\/#organization\",\"name\":\"ConvoPLUS\",\"url\":\"https:\\\/\\\/convoplus.com\\\/en\\\/\",\"logo\":{\"@type\":\"ImageObject\",\"inLanguage\":\"fr-FR\",\"@id\":\"https:\\\/\\\/convoplus.com\\\/en\\\/#\\\/schema\\\/logo\\\/image\\\/\",\"url\":\"\",\"contentUrl\":\"\",\"caption\":\"ConvoPLUS\"},\"image\":{\"@id\":\"https:\\\/\\\/convoplus.com\\\/en\\\/#\\\/schema\\\/logo\\\/image\\\/\"},\"sameAs\":[\"http:\\\/\\\/facebook.com\\\/plusconvo\",\"https:\\\/\\\/x.com\\\/plusconvo\",\"http:\\\/\\\/instagram.com\\\/plusconvo\",\"http:\\\/\\\/linkedin.com\\\/company\\\/plusconvo\"]}]}<\/script>\n<!-- \/ Yoast SEO plugin. -->","yoast_head_json":{"title":"Qui sommes nous? | ConvoPLUS","robots":{"index":"index","follow":"follow","max-snippet":"max-snippet:-1","max-image-preview":"max-image-preview:large","max-video-preview":"max-video-preview:-1"},"canonical":"https:\/\/convoplus.com\/fr\/qui-nous-sommes\/","og_locale":"fr_FR","og_type":"article","og_title":"About us - ConvoPLUS | Social CRM Platform","og_url":"https:\/\/convoplus.com\/fr\/qui-nous-sommes\/","og_site_name":"ConvoPLUS | Social CRM Platform","article_publisher":"http:\/\/facebook.com\/plusconvo","article_modified_time":"2023-07-13T21:50:57+00:00","og_image":[{"width":533,"height":400,"url":"https:\/\/convoplus.com\/wp-content\/uploads\/2021\/04\/Multichannel_helpdesk3.png","type":"image\/png"}],"twitter_card":"summary_large_image","twitter_site":"@plusconvo","twitter_misc":{"Dur\u00e9e de lecture estim\u00e9e":"2 minutes"},"schema":{"@context":"https:\/\/schema.org","@graph":[{"@type":"WebPage","@id":"https:\/\/convoplus.com\/en\/about-us\/","url":"https:\/\/convoplus.com\/en\/about-us\/","name":"Qui sommes nous? | ConvoPLUS","isPartOf":{"@id":"https:\/\/convoplus.com\/en\/#website"},"datePublished":"2018-11-02T12:12:02+00:00","dateModified":"2023-07-13T21:50:57+00:00","breadcrumb":{"@id":"https:\/\/convoplus.com\/en\/about-us\/#breadcrumb"},"inLanguage":"fr-FR","potentialAction":[{"@type":"ReadAction","target":["https:\/\/convoplus.com\/en\/about-us\/"]}]},{"@type":"BreadcrumbList","@id":"https:\/\/convoplus.com\/en\/about-us\/#breadcrumb","itemListElement":[{"@type":"ListItem","position":1,"name":"Home","item":"https:\/\/convoplus.com\/en\/"},{"@type":"ListItem","position":2,"name":"About us"}]},{"@type":"WebSite","@id":"https:\/\/convoplus.com\/en\/#website","url":"https:\/\/convoplus.com\/en\/","name":"GRC Sociale | ConvoPLUS","description":"Social Customer Relationship Management (Social CRM) Platform","publisher":{"@id":"https:\/\/convoplus.com\/en\/#organization"},"potentialAction":[{"@type":"SearchAction","target":{"@type":"EntryPoint","urlTemplate":"https:\/\/convoplus.com\/en\/?s={search_term_string}"},"query-input":{"@type":"PropertyValueSpecification","valueRequired":true,"valueName":"search_term_string"}}],"inLanguage":"fr-FR"},{"@type":"Organization","@id":"https:\/\/convoplus.com\/en\/#organization","name":"ConvoPLUS","url":"https:\/\/convoplus.com\/en\/","logo":{"@type":"ImageObject","inLanguage":"fr-FR","@id":"https:\/\/convoplus.com\/en\/#\/schema\/logo\/image\/","url":"","contentUrl":"","caption":"ConvoPLUS"},"image":{"@id":"https:\/\/convoplus.com\/en\/#\/schema\/logo\/image\/"},"sameAs":["http:\/\/facebook.com\/plusconvo","https:\/\/x.com\/plusconvo","http:\/\/instagram.com\/plusconvo","http:\/\/linkedin.com\/company\/plusconvo"]}]}},"_links":{"self":[{"href":"https:\/\/convoplus.com\/fr\/wp-json\/wp\/v2\/pages\/1053","targetHints":{"allow":["GET"]}}],"collection":[{"href":"https:\/\/convoplus.com\/fr\/wp-json\/wp\/v2\/pages"}],"about":[{"href":"https:\/\/convoplus.com\/fr\/wp-json\/wp\/v2\/types\/page"}],"author":[{"embeddable":true,"href":"https:\/\/convoplus.com\/fr\/wp-json\/wp\/v2\/users\/1"}],"replies":[{"embeddable":true,"href":"https:\/\/convoplus.com\/fr\/wp-json\/wp\/v2\/comments?post=1053"}],"version-history":[{"count":4,"href":"https:\/\/convoplus.com\/fr\/wp-json\/wp\/v2\/pages\/1053\/revisions"}],"predecessor-version":[{"id":6011,"href":"https:\/\/convoplus.com\/fr\/wp-json\/wp\/v2\/pages\/1053\/revisions\/6011"}],"wp:attachment":[{"href":"https:\/\/convoplus.com\/fr\/wp-json\/wp\/v2\/media?parent=1053"}],"curies":[{"name":"wp","href":"https:\/\/api.w.org\/{rel}","templated":true}]}}