{"id":1053,"date":"2018-11-02T12:12:02","date_gmt":"2018-11-02T12:12:02","guid":{"rendered":"http:\/\/innovio.mikado-themes.com\/?page_id=1053"},"modified":"2023-07-14T00:50:57","modified_gmt":"2023-07-13T21:50:57","slug":"about-us","status":"publish","type":"page","link":"https:\/\/convoplus.com\/tr\/hakkimizda\/","title":{"rendered":"Hakk\u0131m\u0131zda"},"content":{"rendered":"<div class=\"mkdf-row-grid-section-wrapper\"  ><div class=\"mkdf-row-grid-section\"><div class=\"vc_row wpb_row vc_row-fluid wpb_animate_when_almost_visible wpb_fadeInDown fadeInDown vc_custom_1657068454112 mkdf-grid-lines-light\" ><div class=\"wpb_column vc_column_container vc_col-sm-12\"><div class=\"vc_column-inner\"><div class=\"wpb_wrapper\"><div class=\"mkdf-elements-holder   mkdf-one-column  mkdf-responsive-mode-768\" ><div class=\"mkdf-eh-item\"  data-item-class=\"mkdf-eh-custom-9304\" data-1367-1600=\"0 235px 0 235px\" data-1025-1366=\"0 230px 0 230px\">\n\t<div class=\"mkdf-eh-item-inner\">\n\t\t<div class=\"mkdf-eh-item-content mkdf-eh-custom-9304\" style=\"padding: 0 0 0 0\">\n\t\t\t<div class=\"mkdf-single-image-holder\">\n    <div class=\"mkdf-si-inner\" >\n                                    <img loading=\"lazy\" decoding=\"async\" width=\"1250\" height=\"707\" src=\"https:\/\/convoplus.com\/wp-content\/uploads\/2021\/03\/Business_convo_1.png\" class=\"attachment-full size-full\" alt=\"Business Convo Team\" srcset=\"https:\/\/convoplus.com\/wp-content\/uploads\/2021\/03\/Business_convo_1.png 1250w, https:\/\/convoplus.com\/wp-content\/uploads\/2021\/03\/Business_convo_1-300x170.png 300w, https:\/\/convoplus.com\/wp-content\/uploads\/2021\/03\/Business_convo_1-1024x579.png 1024w, https:\/\/convoplus.com\/wp-content\/uploads\/2021\/03\/Business_convo_1-768x434.png 768w\" sizes=\"auto, (max-width: 1250px) 100vw, 1250px\" \/>                        <\/div>\n<\/div>\t\t<\/div>\n\t<\/div>\n<\/div><\/div><\/div><\/div><\/div><\/div><\/div><\/div><div class=\"vc_row wpb_row vc_row-fluid vc_custom_1543410145256 mkdf-grid-lines-light mkdf-content-aligment-center mkdf-has-skewed-section-effect\" style=\"background-color:#f2f7ff\"><div class=\"mkdf-skewed-section-effect mkdf-top-skewed-section-effect mkdf-top-reverse-skewed-section-effect\" style=\"color: #f2f7ff\">\n    <svg version=\"1.1\" xmlns=\"http:\/\/www.w3.org\/2000\/svg\" xmlns:xlink=\"http:\/\/www.w3.org\/1999\/xlink\" x=\"0px\" y=\"0px\" \n\t viewbox=\"0 0 1680 72\" enable-background=\"0 0 1680 72\" xml:space=\"preserve\"><g><polygon points=\"0,73 0,0 1680,0 \t\"\/><\/g><\/svg><\/div><div class=\"wpb_column vc_column_container vc_col-sm-12\"><div class=\"vc_column-inner\"><div class=\"wpb_wrapper\"><div class=\"mkdf-row-grid-section-wrapper\" ><div class=\"mkdf-row-grid-section\"><div class=\"vc_row wpb_row vc_inner vc_row-fluid vc_custom_1545297552367 mkdf-grid-lines-light\" ><div class=\"wpb_column vc_column_container vc_col-sm-10 vc_col-lg-offset-3 vc_col-lg-6 vc_col-md-offset-2 vc_col-md-8 vc_col-sm-offset-1 vc_col-xs-12\"><div class=\"vc_column-inner\"><div class=\"wpb_wrapper\"><div class=\"mkdf-section-title-holder  mkdf-st-standard\" style=\"text-align: center\">\n\t<div class=\"mkdf-st-inner\">\n        \t\t\t\t\t<h2 class=\"mkdf-st-title translation-block\" >\u0130htiyac\u0131n\u0131z Olan <span class=\"mkdf-st-title-hightlight\" data-text=\"Her \u015eey \"><span>Her \u015eey <\/span><\/span><\/h2>\n\t\t        \t\t\t\t\t<p class=\"mkdf-st-text\" style=\"margin-top: 15px\">\n\t\t\t\tConvoPLUS, sosyal medyada m\u00fc\u015fteri ili\u015fkilerini olu\u015fturmak, geli\u015ftirmek ve s\u00fcrd\u00fcrmek i\u00e7in ihtiya\u00e7 duyulan her \u015feye sahip olan yeni nesil m\u00fc\u015fteri ili\u015fkileri platformudur.\t\t\t<\/p>\n\t\t\t<\/div>\n<\/div><\/div><\/div><\/div><\/div><\/div><\/div><\/div><\/div><\/div><\/div><div class=\"mkdf-row-grid-section-wrapper\"  ><div class=\"mkdf-row-grid-section\"><div class=\"vc_row wpb_row vc_row-fluid vc_custom_1542209164168 vc_row-o-content-middle vc_row-flex mkdf-grid-lines-light\" ><div class=\"wpb_column vc_column_container vc_col-sm-12 vc_col-lg-5 vc_col-md-12\"><div class=\"vc_column-inner\"><div class=\"wpb_wrapper\"><div class=\"mkdf-elements-holder   mkdf-one-column  mkdf-responsive-mode-768\" ><div class=\"mkdf-eh-item\"  data-item-class=\"mkdf-eh-custom-3869\" data-1367-1600=\"0 30px 0 70px\" data-1025-1366=\"0 5% 0 0\" data-769-1024=\"0 320px 13.3% 0\" data-681-768=\"0 150px 13.3% 0\" data-680=\"0 0 26.5% 0\">\n\t<div class=\"mkdf-eh-item-inner\">\n\t\t<div class=\"mkdf-eh-item-content mkdf-eh-custom-3869\" style=\"padding: 0 15% 10px 7px\">\n\t\t\t<div class=\"mkdf-section-title-holder  mkdf-st-standard  mkdf-st-left-aligned\" style=\"text-align: left\">\n\t<div class=\"mkdf-st-inner\">\n        \t\t\t\t\t<h3 class=\"mkdf-st-title translation-block\" >Sosyal-CRM'den <span class=\"mkdf-st-title-hightlight\" data-text=\"Fazlas\u0131\"><span>Fazlas\u0131<\/span><\/span><\/h3>\n\t\t        \t\t\t\t\t<p class=\"mkdf-st-text\" style=\"font-size: 15px;line-height: 22px\">\n\t\t\t\tConvo Teknoloji, kurumlar\u0131n m\u00fc\u015fteri ileti\u015fimini iyile\u015ftirmek i\u00e7in \u00f6zelle\u015ftirilmi\u015f Sosyal-CRM yaz\u0131l\u0131m \u00e7\u00f6z\u00fcmleri \u00fcreten lider bir geli\u015ftirme \u015firketidir. 2013 y\u0131l\u0131ndan g\u00fcn\u00fcm\u00fcze, \u00fcretti\u011fi sosyal medya \u00e7\u00f6z\u00fcmleri, i\u015f analizleri, geli\u015fmi\u015f raporlamalar ve \u00e7\u00f6z\u00fcm odakl\u0131 m\u00fc\u015fteri ili\u015fkileri y\u00f6netiminin tam d\u00f6ng\u00fcs\u00fc ile \u015firketlerin dijital d\u00fcnyadaki i\u015f verimlili\u011fini art\u0131rmalar\u0131na yard\u0131mc\u0131 olmaktad\u0131r. Bu sebeple Sosyal-CRM geli\u015ftiricilerinden ve ileti\u015fim uzmanlar\u0131ndan olu\u015fan ekibimiz, m\u00fc\u015fteri deneyimleri i\u00e7in kritik i\u015f ve s\u00fcre\u00e7 sorunlar\u0131n\u0131 ele alan \u00e7e\u015fitli uygulama ve entegrasyon metodolojileri alan\u0131nda uzmanla\u015fm\u0131\u015ft\u0131r.\t\t\t<\/p>\n\t\t\t<\/div>\n<\/div><div class=\"vc_empty_space\"   style=\"height: 44px\"><span class=\"vc_empty_space_inner\"><\/span><\/div>\t\t<\/div>\n\t<\/div>\n<\/div><\/div><\/div><\/div><\/div><div class=\"wpb_column vc_column_container vc_col-sm-12 vc_col-lg-7 vc_col-md-12\"><div class=\"vc_column-inner\"><div class=\"wpb_wrapper\"><div class=\"mkdf-single-image-holder\">\n    <div class=\"mkdf-si-inner\" >\n                                    <img loading=\"lazy\" decoding=\"async\" width=\"727\" height=\"436\" src=\"https:\/\/convoplus.com\/wp-content\/uploads\/2021\/03\/Business-convo-2.png\" class=\"attachment-full size-full\" alt=\"Business Convo\" srcset=\"https:\/\/convoplus.com\/wp-content\/uploads\/2021\/03\/Business-convo-2.png 727w, https:\/\/convoplus.com\/wp-content\/uploads\/2021\/03\/Business-convo-2-300x180.png 300w\" sizes=\"auto, (max-width: 727px) 100vw, 727px\" \/>                        <\/div>\n<\/div><\/div><\/div><\/div><\/div><\/div><\/div><div class=\"mkdf-row-grid-section-wrapper\"  ><div class=\"mkdf-row-grid-section\"><div class=\"vc_row wpb_row vc_row-fluid vc_custom_1545297721173 mkdf-grid-lines-light\" ><div class=\"wpb_column vc_column_container vc_col-sm-12 vc_col-lg-offset-2 vc_col-lg-8\"><div class=\"vc_column-inner\"><div class=\"wpb_wrapper\"><div class=\"mkdf-section-title-holder  mkdf-st-standard\" style=\"text-align: center\">\n\t<div class=\"mkdf-st-inner\">\n        \t\t\t\t\t<h2 class=\"mkdf-st-title translation-block\" >Profesyonel <span class=\"mkdf-st-title-hightlight\" data-text=\"D\u00fc\u015f\u00fcn\u00fcn\"><span>D\u00fc\u015f\u00fcn\u00fcn<\/span><\/span><\/h2>\n\t\t                    <div class=\"mkdf-st-separator\" ><\/div>\n        \t\t\t\t\t<p class=\"mkdf-st-text\" style=\"margin-top: 15px\">\n\t\t\t\t- Kesintisiz ileti\u015fim kurun<br \/>\n- M\u00fc\u015fterileri dinleyin<br \/>\n- Samimiyeti ve sadakati artt\u0131r\u0131n<br \/>\n- M\u00fc\u015fterilere ger\u00e7ekten istediklerini sunun<br \/>\n- \u00c7\u00f6z\u00fcm odakl\u0131 m\u00fc\u015fteri deste\u011fi sa\u011flay\u0131n<br \/>\n- \u0130steklere h\u0131zl\u0131 yan\u0131t verin<br \/>\n- M\u00fc\u015fteri ihtiya\u00e7lar\u0131n\u0131 takip edin<br \/>\n- T\u00fcm ileti\u015fimlerinizi kaydedin ve raporlay\u0131n\t\t\t<\/p>\n\t\t\t<\/div>\n<\/div><div class=\"vc_empty_space\"   style=\"height: 35px\"><span class=\"vc_empty_space_inner\"><\/span><\/div>\n\t<div class=\"wpb_video_widget wpb_content_element vc_clearfix   vc_video-aspect-ratio-169 vc_video-el-width-100 vc_video-align-left\" >\n\t\t<div class=\"wpb_wrapper\">\n\t\t\t\n\t\t\t<div class=\"wpb_video_wrapper\"><iframe loading=\"lazy\" title=\"ConvoPLUS\" width=\"1100\" height=\"619\" src=\"https:\/\/www.youtube.com\/embed\/6lHweUWyKVM?feature=oembed\" frameborder=\"0\" allow=\"accelerometer; autoplay; clipboard-write; encrypted-media; gyroscope; picture-in-picture\" allowfullscreen><\/iframe><\/div>\n\t\t<\/div>\n\t<\/div>\n<\/div><\/div><\/div><\/div><\/div><\/div><div class=\"mkdf-row-grid-section-wrapper mkdf-content-aligment-center\"  ><div class=\"mkdf-row-grid-section\"><div class=\"vc_row wpb_row vc_row-fluid vc_custom_1545297741463 mkdf-grid-lines-light\" ><div class=\"wpb_column vc_column_container vc_col-sm-12\"><div class=\"vc_column-inner\"><div class=\"wpb_wrapper\"><div class=\"mkdf-clients-carousel-holder mkdf-cc-hover-roll-over\">\n\t<div class=\"mkdf-cc-inner mkdf-owl-slider\" data-number-of-items=\"6\" data-enable-loop=\"yes\" data-enable-autoplay=\"yes\" data-slider-speed=\"5000\" data-slider-speed-animation=\"600\" data-enable-navigation=\"no\" data-enable-pagination=\"no\">\n\t\t<div class=\"mkdf-cc-item mkdf-item-space mkdf-cci-has-link\">\n\t\t\t<a itemprop=\"url\" class=\"mkdf-cc-link mkdf-block-drag-link\" href=\"#\" target=\"_self\">\n\t\t\t\t\t\t<img decoding=\"async\" itemprop=\"image\" class=\"mkdf-cc-image\" src=\"https:\/\/convoplus.com\/wp-content\/uploads\/2021\/02\/QUICK-LOGO-YATAY-TR-PNG.png\" alt=\"Quick Sigorta Logo Siyah\" \/>\n\t\t\t\t\t\t\t<img decoding=\"async\" itemprop=\"image\" class=\"mkdf-cc-hover-image\" src=\"https:\/\/convoplus.com\/wp-content\/uploads\/2021\/02\/QUICK-LOGO-YATAY-TR-PNG-PINK.png\" alt=\"Quick Sigorta Logo Pembe\" \/>\n\t\t\t\t\t<\/a>\n\t<\/div><div class=\"mkdf-cc-item mkdf-item-space mkdf-cci-has-link\">\n\t\t\t<a itemprop=\"url\" class=\"mkdf-cc-link mkdf-block-drag-link\" href=\"#\" target=\"_self\">\n\t\t\t\t\t\t<img decoding=\"async\" itemprop=\"image\" class=\"mkdf-cc-image\" src=\"https:\/\/convoplus.com\/wp-content\/uploads\/2021\/02\/IBB-LOGO-PNG.png\" alt=\"\u0130BB logo S\" \/>\n\t\t\t\t\t\t\t<img decoding=\"async\" itemprop=\"image\" class=\"mkdf-cc-hover-image\" src=\"https:\/\/convoplus.com\/wp-content\/uploads\/2021\/02\/IBB-LOGO-PNG-PINK.png\" alt=\"\u0130BB logo P\" \/>\n\t\t\t\t\t<\/a>\n\t<\/div><div class=\"mkdf-cc-item mkdf-item-space mkdf-cci-has-link\">\n\t\t\t<a itemprop=\"url\" class=\"mkdf-cc-link mkdf-block-drag-link\" href=\"#\" target=\"_self\">\n\t\t\t\t\t\t<img decoding=\"async\" itemprop=\"image\" class=\"mkdf-cc-image\" src=\"https:\/\/convoplus.com\/wp-content\/uploads\/2021\/02\/TOKI\u0307-LOGO-YATAY-TR-PNG.png\" alt=\"Toki logo Siyah Beyaz\" \/>\n\t\t\t\t\t\t\t<img decoding=\"async\" itemprop=\"image\" class=\"mkdf-cc-hover-image\" src=\"https:\/\/convoplus.com\/wp-content\/uploads\/2021\/02\/TOKI\u0307-LOGO-YATAY-TR-PNG-PINK.png\" alt=\"Toki Logo Pembe\" \/>\n\t\t\t\t\t<\/a>\n\t<\/div><div class=\"mkdf-cc-item mkdf-item-space mkdf-cci-has-link\">\n\t\t\t<a itemprop=\"url\" class=\"mkdf-cc-link mkdf-block-drag-link\" href=\"#\" target=\"_self\">\n\t\t\t\t\t\t<img decoding=\"async\" itemprop=\"image\" class=\"mkdf-cc-image\" src=\"https:\/\/convoplus.com\/wp-content\/uploads\/2021\/02\/FATIH-LOGO-PNG.png\" alt=\"Fatih Belediyesi Logo S\" \/>\n\t\t\t\t\t\t\t<img decoding=\"async\" itemprop=\"image\" class=\"mkdf-cc-hover-image\" src=\"https:\/\/convoplus.com\/wp-content\/uploads\/2021\/02\/FATIH-LOGO-PNG-PINK.png\" alt=\"Fatih Belediyesi Logo P\" \/>\n\t\t\t\t\t<\/a>\n\t<\/div><div class=\"mkdf-cc-item mkdf-item-space mkdf-cci-has-link\">\n\t\t\t<a itemprop=\"url\" class=\"mkdf-cc-link mkdf-block-drag-link\" href=\"#\" target=\"_self\">\n\t\t\t\t\t\t<img decoding=\"async\" itemprop=\"image\" class=\"mkdf-cc-image\" src=\"https:\/\/convoplus.com\/wp-content\/uploads\/2021\/02\/BEYAZMASA-LOGO-PNG.png\" alt=\"Beyazmasa Logo S\" \/>\n\t\t\t\t\t\t\t<img decoding=\"async\" itemprop=\"image\" class=\"mkdf-cc-hover-image\" src=\"https:\/\/convoplus.com\/wp-content\/uploads\/2021\/02\/BEYAZMASA-LOGO-PNG-PINK.png\" alt=\"Beyazmasa Logo P\" \/>\n\t\t\t\t\t<\/a>\n\t<\/div>\t<\/div>\n<\/div><\/div><\/div><\/div><\/div><\/div><\/div>","protected":false},"excerpt":{"rendered":"Everything You Need ConvoPLUS is a platform where companies get everything they need to build, improve and retain customer relationships in social media. More than Social-CRM Convo Technology Inc. is [...]","protected":false},"author":1,"featured_media":0,"parent":0,"menu_order":0,"comment_status":"closed","ping_status":"closed","template":"full-width.php","meta":{"footnotes":""},"class_list":["post-1053","page","type-page","status-publish","hentry"],"yoast_head":"<!-- This site is optimized with the Yoast SEO plugin v27.4 - https:\/\/yoast.com\/product\/yoast-seo-wordpress\/ -->\n<title>About us - ConvoPLUS | Social CRM Platform<\/title>\n<meta name=\"robots\" content=\"index, follow, max-snippet:-1, max-image-preview:large, max-video-preview:-1\" \/>\n<link rel=\"canonical\" href=\"https:\/\/convoplus.com\/tr\/hakkimizda\/\" \/>\n<meta property=\"og:locale\" content=\"tr_TR\" \/>\n<meta property=\"og:type\" content=\"article\" \/>\n<meta property=\"og:title\" content=\"About us - ConvoPLUS | Social CRM Platform\" \/>\n<meta property=\"og:url\" content=\"https:\/\/convoplus.com\/tr\/hakkimizda\/\" \/>\n<meta property=\"og:site_name\" content=\"ConvoPLUS | Social CRM Platform\" \/>\n<meta property=\"article:publisher\" content=\"http:\/\/facebook.com\/plusconvo\" \/>\n<meta property=\"article:modified_time\" content=\"2023-07-13T21:50:57+00:00\" \/>\n<meta property=\"og:image\" content=\"https:\/\/convoplus.com\/wp-content\/uploads\/2021\/04\/Multichannel_helpdesk3.png\" \/>\n\t<meta property=\"og:image:width\" content=\"533\" \/>\n\t<meta property=\"og:image:height\" content=\"400\" \/>\n\t<meta property=\"og:image:type\" content=\"image\/png\" \/>\n<meta name=\"twitter:card\" content=\"summary_large_image\" \/>\n<meta name=\"twitter:site\" content=\"@plusconvo\" \/>\n<meta name=\"twitter:label1\" content=\"Tahmini okuma s\u00fcresi\" \/>\n\t<meta name=\"twitter:data1\" content=\"2 dakika\" \/>\n<script type=\"application\/ld+json\" class=\"yoast-schema-graph\">{\"@context\":\"https:\\\/\\\/schema.org\",\"@graph\":[{\"@type\":\"WebPage\",\"@id\":\"https:\\\/\\\/convoplus.com\\\/en\\\/about-us\\\/\",\"url\":\"https:\\\/\\\/convoplus.com\\\/en\\\/about-us\\\/\",\"name\":\"About us - ConvoPLUS | Social CRM Platform\",\"isPartOf\":{\"@id\":\"https:\\\/\\\/convoplus.com\\\/en\\\/#website\"},\"datePublished\":\"2018-11-02T12:12:02+00:00\",\"dateModified\":\"2023-07-13T21:50:57+00:00\",\"breadcrumb\":{\"@id\":\"https:\\\/\\\/convoplus.com\\\/en\\\/about-us\\\/#breadcrumb\"},\"inLanguage\":\"tr\",\"potentialAction\":[{\"@type\":\"ReadAction\",\"target\":[\"https:\\\/\\\/convoplus.com\\\/en\\\/about-us\\\/\"]}]},{\"@type\":\"BreadcrumbList\",\"@id\":\"https:\\\/\\\/convoplus.com\\\/en\\\/about-us\\\/#breadcrumb\",\"itemListElement\":[{\"@type\":\"ListItem\",\"position\":1,\"name\":\"Home\",\"item\":\"https:\\\/\\\/convoplus.com\\\/en\\\/\"},{\"@type\":\"ListItem\",\"position\":2,\"name\":\"About us\"}]},{\"@type\":\"WebSite\",\"@id\":\"https:\\\/\\\/convoplus.com\\\/en\\\/#website\",\"url\":\"https:\\\/\\\/convoplus.com\\\/en\\\/\",\"name\":\"ConvoPLUS | Social Media CRM Tool\",\"description\":\"Social Customer Relationship Management (Social CRM) Platform\",\"publisher\":{\"@id\":\"https:\\\/\\\/convoplus.com\\\/en\\\/#organization\"},\"potentialAction\":[{\"@type\":\"SearchAction\",\"target\":{\"@type\":\"EntryPoint\",\"urlTemplate\":\"https:\\\/\\\/convoplus.com\\\/en\\\/?s={search_term_string}\"},\"query-input\":{\"@type\":\"PropertyValueSpecification\",\"valueRequired\":true,\"valueName\":\"search_term_string\"}}],\"inLanguage\":\"tr\"},{\"@type\":\"Organization\",\"@id\":\"https:\\\/\\\/convoplus.com\\\/en\\\/#organization\",\"name\":\"ConvoPLUS\",\"url\":\"https:\\\/\\\/convoplus.com\\\/en\\\/\",\"logo\":{\"@type\":\"ImageObject\",\"inLanguage\":\"tr\",\"@id\":\"https:\\\/\\\/convoplus.com\\\/en\\\/#\\\/schema\\\/logo\\\/image\\\/\",\"url\":\"\",\"contentUrl\":\"\",\"caption\":\"ConvoPLUS\"},\"image\":{\"@id\":\"https:\\\/\\\/convoplus.com\\\/en\\\/#\\\/schema\\\/logo\\\/image\\\/\"},\"sameAs\":[\"http:\\\/\\\/facebook.com\\\/plusconvo\",\"https:\\\/\\\/x.com\\\/plusconvo\",\"http:\\\/\\\/instagram.com\\\/plusconvo\",\"http:\\\/\\\/linkedin.com\\\/company\\\/plusconvo\"]}]}<\/script>\n<!-- \/ Yoast SEO plugin. -->","yoast_head_json":{"title":"Hakk\u0131m\u0131zda | ConvoPLUS","robots":{"index":"index","follow":"follow","max-snippet":"max-snippet:-1","max-image-preview":"max-image-preview:large","max-video-preview":"max-video-preview:-1"},"canonical":"https:\/\/convoplus.com\/tr\/hakkimizda\/","og_locale":"tr_TR","og_type":"article","og_title":"About us - ConvoPLUS | Social CRM Platform","og_url":"https:\/\/convoplus.com\/tr\/hakkimizda\/","og_site_name":"ConvoPLUS | Social CRM Platform","article_publisher":"http:\/\/facebook.com\/plusconvo","article_modified_time":"2023-07-13T21:50:57+00:00","og_image":[{"width":533,"height":400,"url":"https:\/\/convoplus.com\/wp-content\/uploads\/2021\/04\/Multichannel_helpdesk3.png","type":"image\/png"}],"twitter_card":"summary_large_image","twitter_site":"@plusconvo","twitter_misc":{"Tahmini okuma s\u00fcresi":"2 dakika"},"schema":{"@context":"https:\/\/schema.org","@graph":[{"@type":"WebPage","@id":"https:\/\/convoplus.com\/en\/about-us\/","url":"https:\/\/convoplus.com\/en\/about-us\/","name":"Hakk\u0131m\u0131zda | ConvoPLUS","isPartOf":{"@id":"https:\/\/convoplus.com\/en\/#website"},"datePublished":"2018-11-02T12:12:02+00:00","dateModified":"2023-07-13T21:50:57+00:00","breadcrumb":{"@id":"https:\/\/convoplus.com\/en\/about-us\/#breadcrumb"},"inLanguage":"tr","potentialAction":[{"@type":"ReadAction","target":["https:\/\/convoplus.com\/en\/about-us\/"]}]},{"@type":"BreadcrumbList","@id":"https:\/\/convoplus.com\/en\/about-us\/#breadcrumb","itemListElement":[{"@type":"ListItem","position":1,"name":"Home","item":"https:\/\/convoplus.com\/en\/"},{"@type":"ListItem","position":2,"name":"About us"}]},{"@type":"WebSite","@id":"https:\/\/convoplus.com\/en\/#website","url":"https:\/\/convoplus.com\/en\/","name":"Sosyal CRM Yaz\u0131l\u0131m\u0131 | ConvoPLUS","description":"Social Customer Relationship Management (Social CRM) Platform","publisher":{"@id":"https:\/\/convoplus.com\/en\/#organization"},"potentialAction":[{"@type":"SearchAction","target":{"@type":"EntryPoint","urlTemplate":"https:\/\/convoplus.com\/en\/?s={search_term_string}"},"query-input":{"@type":"PropertyValueSpecification","valueRequired":true,"valueName":"search_term_string"}}],"inLanguage":"tr"},{"@type":"Organization","@id":"https:\/\/convoplus.com\/en\/#organization","name":"ConvoPLUS","url":"https:\/\/convoplus.com\/en\/","logo":{"@type":"ImageObject","inLanguage":"tr","@id":"https:\/\/convoplus.com\/en\/#\/schema\/logo\/image\/","url":"","contentUrl":"","caption":"ConvoPLUS"},"image":{"@id":"https:\/\/convoplus.com\/en\/#\/schema\/logo\/image\/"},"sameAs":["http:\/\/facebook.com\/plusconvo","https:\/\/x.com\/plusconvo","http:\/\/instagram.com\/plusconvo","http:\/\/linkedin.com\/company\/plusconvo"]}]}},"_links":{"self":[{"href":"https:\/\/convoplus.com\/tr\/wp-json\/wp\/v2\/pages\/1053","targetHints":{"allow":["GET"]}}],"collection":[{"href":"https:\/\/convoplus.com\/tr\/wp-json\/wp\/v2\/pages"}],"about":[{"href":"https:\/\/convoplus.com\/tr\/wp-json\/wp\/v2\/types\/page"}],"author":[{"embeddable":true,"href":"https:\/\/convoplus.com\/tr\/wp-json\/wp\/v2\/users\/1"}],"replies":[{"embeddable":true,"href":"https:\/\/convoplus.com\/tr\/wp-json\/wp\/v2\/comments?post=1053"}],"version-history":[{"count":4,"href":"https:\/\/convoplus.com\/tr\/wp-json\/wp\/v2\/pages\/1053\/revisions"}],"predecessor-version":[{"id":6011,"href":"https:\/\/convoplus.com\/tr\/wp-json\/wp\/v2\/pages\/1053\/revisions\/6011"}],"wp:attachment":[{"href":"https:\/\/convoplus.com\/tr\/wp-json\/wp\/v2\/media?parent=1053"}],"curies":[{"name":"wp","href":"https:\/\/api.w.org\/{rel}","templated":true}]}}